{"id":874,"date":"2020-02-19T12:59:54","date_gmt":"2020-02-19T15:59:54","guid":{"rendered":"http:\/\/www.federaciondesalud.com.ar\/wp\/?page_id=874"},"modified":"2022-10-11T20:44:16","modified_gmt":"2022-10-11T23:44:16","slug":"vision-mision-valores","status":"publish","type":"page","link":"https:\/\/www.federaciondesalud.com.ar\/wp\/vision-mision-valores\/","title":{"rendered":"VISI\u00d3N, MISI\u00d3N Y VALORES"},"content":{"rendered":"\t\t<div data-elementor-type=\"wp-page\" data-elementor-id=\"874\" class=\"elementor elementor-874\" data-elementor-settings=\"[]\">\n\t\t\t<div class=\"elementor-inner\">\n\t\t\t\t<div class=\"elementor-section-wrap\">\n\t\t\t\t\t\t\t<section class=\"elementor-element elementor-element-66a47860 elementor-section-stretched elementor-section-content-middle elementor-section-boxed elementor-section-height-default elementor-section-height-default elementor-section elementor-top-section\" data-id=\"66a47860\" data-element_type=\"section\" data-settings=\"{&quot;stretch_section&quot;:&quot;section-stretched&quot;,&quot;background_background&quot;:&quot;classic&quot;}\">\n\t\t\t\t\t\t<div class=\"elementor-container elementor-column-gap-default\">\n\t\t\t\t<div class=\"elementor-row\">\n\t\t\t\t<div class=\"elementor-element elementor-element-16ad9db2 elementor-column elementor-col-100 elementor-top-column\" data-id=\"16ad9db2\" data-element_type=\"column\">\n\t\t\t<div class=\"elementor-column-wrap  elementor-element-populated\">\n\t\t\t\t\t<div class=\"elementor-widget-wrap\">\n\t\t\t\t<div class=\"elementor-element elementor-element-298df0df elementor-align-right elementor-widget elementor-widget-button\" data-id=\"298df0df\" data-element_type=\"widget\" data-widget_type=\"button.default\">\n\t\t\t\t<div class=\"elementor-widget-container\">\n\t\t\t\t\t<div class=\"elementor-button-wrapper\">\n\t\t\t<a href=\"https:\/\/www.federaciondesalud.com.ar\/entidad\/login\" class=\"elementor-button-link elementor-button elementor-size-xs\" role=\"button\">\n\t\t\t\t\t\t<span class=\"elementor-button-content-wrapper\">\n\t\t\t\t\t\t<span class=\"elementor-button-text\">Iniciar sesi\u00f3n<\/span>\n\t\t<\/span>\n\t\t\t\t\t<\/a>\n\t\t<\/div>\n\t\t\t\t<\/div>\n\t\t\t\t<\/div>\n\t\t\t\t\t\t<\/div>\n\t\t\t<\/div>\n\t\t<\/div>\n\t\t\t\t\t\t<\/div>\n\t\t\t<\/div>\n\t\t<\/section>\n\t\t\t\t<section class=\"elementor-element elementor-element-cfbb37f elementor-section-stretched elementor-section-height-min-height elementor-section-boxed elementor-section-height-default elementor-section-items-middle elementor-section elementor-top-section\" data-id=\"cfbb37f\" data-element_type=\"section\" data-settings=\"{&quot;stretch_section&quot;:&quot;section-stretched&quot;,&quot;background_background&quot;:&quot;classic&quot;}\">\n\t\t\t\t\t\t<div class=\"elementor-container elementor-column-gap-default\">\n\t\t\t\t<div class=\"elementor-row\">\n\t\t\t\t<div class=\"elementor-element elementor-element-1d367a6a elementor-column elementor-col-50 elementor-top-column\" data-id=\"1d367a6a\" data-element_type=\"column\">\n\t\t\t<div class=\"elementor-column-wrap  elementor-element-populated\">\n\t\t\t\t\t<div class=\"elementor-widget-wrap\">\n\t\t\t\t<div class=\"elementor-element elementor-element-21cdc3ea elementor-widget elementor-widget-image\" data-id=\"21cdc3ea\" data-element_type=\"widget\" data-widget_type=\"image.default\">\n\t\t\t\t<div class=\"elementor-widget-container\">\n\t\t\t\t\t<div class=\"elementor-image\">\n\t\t\t\t\t\t\t\t\t\t\t<a href=\"\/inicio\">\n\t\t\t\t\t\t\t<img decoding=\"async\" src=\"https:\/\/www.federaciondesalud.com.ar\/wp\/wp-content\/uploads\/2019\/12\/LOGO.svg\" title=\"LOGO\" alt=\"LOGO\" \/>\t\t\t\t\t\t\t\t<\/a>\n\t\t\t\t\t\t\t\t\t\t\t<\/div>\n\t\t\t\t<\/div>\n\t\t\t\t<\/div>\n\t\t\t\t\t\t<\/div>\n\t\t\t<\/div>\n\t\t<\/div>\n\t\t\t\t<div class=\"elementor-element elementor-element-61be067 elementor-column elementor-col-50 elementor-top-column\" data-id=\"61be067\" data-element_type=\"column\">\n\t\t\t<div class=\"elementor-column-wrap  elementor-element-populated\">\n\t\t\t\t\t<div class=\"elementor-widget-wrap\">\n\t\t\t\t<div class=\"elementor-element elementor-element-6fe5138b raven-nav-menu-align-right raven-breakpoint-mobile elementor-widget elementor-widget-raven-nav-menu\" data-id=\"6fe5138b\" data-element_type=\"widget\" data-settings=\"{&quot;mobile_layout&quot;:&quot;full-screen&quot;,&quot;mobile_menu_item_full_width_mobile&quot;:&quot;yes&quot;,&quot;submenu_space_between&quot;:{&quot;unit&quot;:&quot;px&quot;,&quot;size&quot;:-10,&quot;sizes&quot;:[]},&quot;submenu_opening_position&quot;:&quot;bottom&quot;,&quot;mobile_menu_item_full_width&quot;:&quot;no&quot;}\" data-widget_type=\"raven-nav-menu.default\">\n\t\t\t\t<div class=\"elementor-widget-container\">\n\t\t\t\t\t<nav class=\"raven-nav-menu-main raven-nav-menu-horizontal raven-nav-icons-hidden-tablet raven-nav-icons-hidden-mobile\">\r\n\t\t\t<ul id=\"menu-6fe5138b\" class=\"raven-nav-menu\"><li class=\"menu-item menu-item-type-post_type menu-item-object-page menu-item-has-children menu-item-872\"><a href=\"https:\/\/www.federaciondesalud.com.ar\/wp\/quienes-somos\/\" class=\"raven-menu-item raven-link-item \">Quienes somos<\/a>\n<ul class=\"0 sub-menu raven-submenu\">\n\t<li class=\"menu-item menu-item-type-post_type menu-item-object-page menu-item-880\"><a href=\"https:\/\/www.federaciondesalud.com.ar\/wp\/vision-mision-valores\/\" class=\"raven-submenu-item raven-link-item \">Visi\u00f3n, misi\u00f3n y valores<\/a><\/li>\n\t<li class=\"menu-item menu-item-type-post_type menu-item-object-page menu-item-905\"><a href=\"https:\/\/www.federaciondesalud.com.ar\/wp\/entidades-socias\/\" class=\"raven-submenu-item raven-link-item \">Entidades socias<\/a><\/li>\n<\/ul>\n<\/li>\n<li class=\"menu-item menu-item-type-post_type menu-item-object-page menu-item-542\"><a href=\"https:\/\/www.federaciondesalud.com.ar\/wp\/autoridades\/\" class=\"raven-menu-item raven-link-item \">Autoridades<\/a><\/li>\n<li class=\"menu-item menu-item-type-post_type menu-item-object-page menu-item-557\"><a href=\"https:\/\/www.federaciondesalud.com.ar\/wp\/estatuto\/\" class=\"raven-menu-item raven-link-item \">Estatuto<\/a><\/li>\n<li class=\"menu-item menu-item-type-post_type menu-item-object-page menu-item-605\"><a href=\"https:\/\/www.federaciondesalud.com.ar\/wp\/reglamento\/\" class=\"raven-menu-item raven-link-item \">Reglamento<\/a><\/li>\n<li class=\"menu-item menu-item-type-post_type menu-item-object-page menu-item-894\"><a href=\"https:\/\/www.federaciondesalud.com.ar\/wp\/contacto\/\" class=\"raven-menu-item raven-link-item \">Contacto<\/a><\/li>\n<\/ul>\t\t<\/nav>\r\n\r\n\t\t<div class=\"raven-nav-menu-toggle\">\r\n\r\n\t\t\t\t\t\t<div class=\"raven-nav-menu-toggle-button \">\r\n\t\t\t\t\r\n\t\t\t\t<div class=\"hamburger hamburger--squeeze\">\r\n\t\t\t\t\t<div class=\"hamburger-box\">\r\n\t\t\t\t\t\t<div class=\"hamburger-inner\"><\/div>\r\n\t\t\t\t\t<\/div>\r\n\t\t\t\t<\/div>\r\n\t\t\t\t\t\t\t\t<\/div>\r\n\r\n\t\t<\/div>\r\n\t\t<nav class=\"raven-nav-icons-hidden-tablet raven-nav-icons-hidden-mobile raven-nav-menu-mobile raven-nav-menu-full-screen\">\r\n\t\t\t\t\t\t\t\t\t\t<div class=\"raven-nav-menu-close-button\">\r\n\t\t\t\t\t<span class=\"raven-nav-menu-close-icon\">&times;<\/span>\r\n\t\t\t\t<\/div>\r\n\t\t\t\t\t\t<div class=\"raven-container\">\r\n\t\t\t\t<ul id=\"menu-mobile-6fe5138b\" class=\"raven-nav-menu\"><li class=\"menu-item menu-item-type-post_type menu-item-object-page menu-item-has-children menu-item-872\"><a href=\"https:\/\/www.federaciondesalud.com.ar\/wp\/quienes-somos\/\" class=\"raven-menu-item raven-link-item \">Quienes somos<\/a>\n<ul class=\"0 sub-menu raven-submenu\">\n\t<li class=\"menu-item menu-item-type-post_type menu-item-object-page menu-item-880\"><a href=\"https:\/\/www.federaciondesalud.com.ar\/wp\/vision-mision-valores\/\" class=\"raven-submenu-item raven-link-item \">Visi\u00f3n, misi\u00f3n y valores<\/a><\/li>\n\t<li class=\"menu-item menu-item-type-post_type menu-item-object-page menu-item-905\"><a href=\"https:\/\/www.federaciondesalud.com.ar\/wp\/entidades-socias\/\" class=\"raven-submenu-item raven-link-item \">Entidades socias<\/a><\/li>\n<\/ul>\n<\/li>\n<li class=\"menu-item menu-item-type-post_type menu-item-object-page menu-item-542\"><a href=\"https:\/\/www.federaciondesalud.com.ar\/wp\/autoridades\/\" class=\"raven-menu-item raven-link-item \">Autoridades<\/a><\/li>\n<li class=\"menu-item menu-item-type-post_type menu-item-object-page menu-item-557\"><a href=\"https:\/\/www.federaciondesalud.com.ar\/wp\/estatuto\/\" class=\"raven-menu-item raven-link-item \">Estatuto<\/a><\/li>\n<li class=\"menu-item menu-item-type-post_type menu-item-object-page menu-item-605\"><a href=\"https:\/\/www.federaciondesalud.com.ar\/wp\/reglamento\/\" class=\"raven-menu-item raven-link-item \">Reglamento<\/a><\/li>\n<li class=\"menu-item menu-item-type-post_type menu-item-object-page menu-item-894\"><a href=\"https:\/\/www.federaciondesalud.com.ar\/wp\/contacto\/\" class=\"raven-menu-item raven-link-item \">Contacto<\/a><\/li>\n<\/ul>\t\t\t<\/div>\r\n\t\t<\/nav>\r\n\t\t\t\t<\/div>\n\t\t\t\t<\/div>\n\t\t\t\t\t\t<\/div>\n\t\t\t<\/div>\n\t\t<\/div>\n\t\t\t\t\t\t<\/div>\n\t\t\t<\/div>\n\t\t<\/section>\n\t\t\t\t<section class=\"elementor-element elementor-element-c618e23 elementor-section-boxed elementor-section-height-default elementor-section-height-default elementor-section elementor-top-section\" data-id=\"c618e23\" data-element_type=\"section\">\n\t\t\t\t\t\t<div class=\"elementor-container elementor-column-gap-default\">\n\t\t\t\t<div class=\"elementor-row\">\n\t\t\t\t<div class=\"elementor-element elementor-element-60e6ba8 elementor-column elementor-col-100 elementor-top-column\" data-id=\"60e6ba8\" data-element_type=\"column\">\n\t\t\t<div class=\"elementor-column-wrap  elementor-element-populated\">\n\t\t\t\t\t<div class=\"elementor-widget-wrap\">\n\t\t\t\t<div class=\"elementor-element elementor-element-27ba4a2 elementor-widget elementor-widget-heading\" data-id=\"27ba4a2\" data-element_type=\"widget\" data-widget_type=\"heading.default\">\n\t\t\t\t<div class=\"elementor-widget-container\">\n\t\t\t<h2 class=\"elementor-heading-title elementor-size-default\">Visi\u00f3n, misi\u00f3n y valores<\/h2>\t\t<\/div>\n\t\t\t\t<\/div>\n\t\t\t\t<div class=\"elementor-element elementor-element-cbc77da elementor-widget elementor-widget-divider\" data-id=\"cbc77da\" data-element_type=\"widget\" data-widget_type=\"divider.default\">\n\t\t\t\t<div class=\"elementor-widget-container\">\n\t\t\t\t\t<div class=\"elementor-divider\">\n\t\t\t<span class=\"elementor-divider-separator\">\n\t\t\t\t\t\t<\/span>\n\t\t<\/div>\n\t\t\t\t<\/div>\n\t\t\t\t<\/div>\n\t\t\t\t\t\t<\/div>\n\t\t\t<\/div>\n\t\t<\/div>\n\t\t\t\t\t\t<\/div>\n\t\t\t<\/div>\n\t\t<\/section>\n\t\t\t\t<section class=\"elementor-element elementor-element-25a3daa elementor-section-boxed elementor-section-height-default elementor-section-height-default elementor-section elementor-top-section\" data-id=\"25a3daa\" data-element_type=\"section\">\n\t\t\t\t\t\t<div class=\"elementor-container elementor-column-gap-default\">\n\t\t\t\t<div class=\"elementor-row\">\n\t\t\t\t<div class=\"elementor-element elementor-element-9411661 elementor-column elementor-col-100 elementor-top-column\" data-id=\"9411661\" data-element_type=\"column\">\n\t\t\t<div class=\"elementor-column-wrap  elementor-element-populated\">\n\t\t\t\t\t<div class=\"elementor-widget-wrap\">\n\t\t\t\t<section class=\"elementor-element elementor-element-1e21d2c elementor-section-boxed elementor-section-height-default elementor-section-height-default elementor-section elementor-inner-section\" data-id=\"1e21d2c\" data-element_type=\"section\">\n\t\t\t\t\t\t<div class=\"elementor-container elementor-column-gap-default\">\n\t\t\t\t<div class=\"elementor-row\">\n\t\t\t\t<div class=\"elementor-element elementor-element-14c26fb elementor-column elementor-col-100 elementor-inner-column\" data-id=\"14c26fb\" data-element_type=\"column\">\n\t\t\t<div class=\"elementor-column-wrap  elementor-element-populated\">\n\t\t\t\t\t<div class=\"elementor-widget-wrap\">\n\t\t\t\t<div class=\"elementor-element elementor-element-a2feb1d elementor-widget elementor-widget-text-editor\" data-id=\"a2feb1d\" data-element_type=\"widget\" data-widget_type=\"text-editor.default\">\n\t\t\t\t<div class=\"elementor-widget-container\">\n\t\t\t\t\t<div class=\"elementor-text-editor elementor-clearfix\"><h2>Misi\u00f3n:<\/h2><p>Proveer subsidios que morigeren el impacto de los gastos de bolsillo vinculados con servicios de salud de alta complejidad y de calidad utilizados por los profesionales y sus familias integrantes de las Entidades asociadas (al presente: trasplantes, implantes y otros).<\/p><h2>Visi\u00f3n:<\/h2><p>Ser una instituci\u00f3n l\u00edder en la integraci\u00f3n de la Seguridad Social Argentina para profesionales, brindando un sustentable servicio de tutela econ\u00f3mica con reintegros destinados a contribuir a la soluci\u00f3n de las necesidades en el cuidado de la salud de sus beneficiarios.<\/p><h2>Valores:<\/h2><p>\u2022 Solidaridad<br \/>\u2022 Integraci\u00f3n<br \/>\u2022 Participaci\u00f3n<br \/>\u2022 Equidad<br \/>\u2022 Sustentabilidad<br \/>\u2022 Transparencia<br \/>\u2022 Previsibilidad<\/p><\/div>\n\t\t\t\t<\/div>\n\t\t\t\t<\/div>\n\t\t\t\t\t\t<\/div>\n\t\t\t<\/div>\n\t\t<\/div>\n\t\t\t\t\t\t<\/div>\n\t\t\t<\/div>\n\t\t<\/section>\n\t\t\t\t<div class=\"elementor-element elementor-element-8d9acc2 elementor-widget elementor-widget-divider\" data-id=\"8d9acc2\" data-element_type=\"widget\" data-widget_type=\"divider.default\">\n\t\t\t\t<div class=\"elementor-widget-container\">\n\t\t\t\t\t<div class=\"elementor-divider\">\n\t\t\t<span class=\"elementor-divider-separator\">\n\t\t\t\t\t\t<\/span>\n\t\t<\/div>\n\t\t\t\t<\/div>\n\t\t\t\t<\/div>\n\t\t\t\t\t\t<\/div>\n\t\t\t<\/div>\n\t\t<\/div>\n\t\t\t\t\t\t<\/div>\n\t\t\t<\/div>\n\t\t<\/section>\n\t\t\t\t<section class=\"elementor-element elementor-element-4b2bd15a elementor-section-full_width elementor-section-content-middle elementor-section-height-default elementor-section-height-default elementor-section elementor-top-section\" data-id=\"4b2bd15a\" data-element_type=\"section\" data-settings=\"{&quot;background_background&quot;:&quot;classic&quot;}\">\n\t\t\t\t\t\t<div class=\"elementor-container elementor-column-gap-default\">\n\t\t\t\t<div class=\"elementor-row\">\n\t\t\t\t<div class=\"elementor-element elementor-element-28dc6b55 elementor-column elementor-col-100 elementor-top-column\" data-id=\"28dc6b55\" data-element_type=\"column\">\n\t\t\t<div class=\"elementor-column-wrap  elementor-element-populated\">\n\t\t\t\t\t<div class=\"elementor-widget-wrap\">\n\t\t\t\t<section class=\"elementor-element elementor-element-73be6b84 elementor-section-boxed elementor-section-height-default elementor-section-height-default elementor-section elementor-inner-section\" data-id=\"73be6b84\" data-element_type=\"section\">\n\t\t\t\t\t\t<div class=\"elementor-container elementor-column-gap-default\">\n\t\t\t\t<div class=\"elementor-row\">\n\t\t\t\t<div class=\"elementor-element elementor-element-4028fc3a elementor-column elementor-col-50 elementor-inner-column\" data-id=\"4028fc3a\" data-element_type=\"column\">\n\t\t\t<div class=\"elementor-column-wrap  elementor-element-populated\">\n\t\t\t\t\t<div class=\"elementor-widget-wrap\">\n\t\t\t\t<div class=\"elementor-element elementor-element-4874aa95 elementor-widget elementor-widget-image\" data-id=\"4874aa95\" data-element_type=\"widget\" data-widget_type=\"image.default\">\n\t\t\t\t<div class=\"elementor-widget-container\">\n\t\t\t\t\t<div class=\"elementor-image\">\n\t\t\t\t\t\t\t\t\t\t\t<a href=\"\/inicio\">\n\t\t\t\t\t\t\t<img decoding=\"async\" src=\"https:\/\/www.federaciondesalud.com.ar\/wp\/wp-content\/uploads\/2019\/12\/LOGO.svg\" title=\"LOGO\" alt=\"LOGO\" \/>\t\t\t\t\t\t\t\t<\/a>\n\t\t\t\t\t\t\t\t\t\t\t<\/div>\n\t\t\t\t<\/div>\n\t\t\t\t<\/div>\n\t\t\t\t\t\t<\/div>\n\t\t\t<\/div>\n\t\t<\/div>\n\t\t\t\t<div class=\"elementor-element elementor-element-6106b987 elementor-column elementor-col-50 elementor-inner-column\" data-id=\"6106b987\" data-element_type=\"column\">\n\t\t\t<div class=\"elementor-column-wrap  elementor-element-populated\">\n\t\t\t\t\t<div class=\"elementor-widget-wrap\">\n\t\t\t\t<div class=\"elementor-element elementor-element-3f2d0f43 elementor-widget elementor-widget-text-editor\" data-id=\"3f2d0f43\" data-element_type=\"widget\" data-widget_type=\"text-editor.default\">\n\t\t\t\t<div class=\"elementor-widget-container\">\n\t\t\t\t\t<div class=\"elementor-text-editor elementor-clearfix\"><p style=\"text-align: right;\">Rivadavia 2553 &#8211; 1er. Piso &#8211; Of.74 S3000FVE &#8211; Santa Fe &#8211; Argentina<\/p><\/div>\n\t\t\t\t<\/div>\n\t\t\t\t<\/div>\n\t\t\t\t\t\t<\/div>\n\t\t\t<\/div>\n\t\t<\/div>\n\t\t\t\t\t\t<\/div>\n\t\t\t<\/div>\n\t\t<\/section>\n\t\t\t\t\t\t<\/div>\n\t\t\t<\/div>\n\t\t<\/div>\n\t\t\t\t\t\t<\/div>\n\t\t\t<\/div>\n\t\t<\/section>\n\t\t\t\t\t\t<\/div>\n\t\t\t<\/div>\n\t\t<\/div>\n\t\t","protected":false},"excerpt":{"rendered":"<p>Iniciar sesi\u00f3n Quienes somos Visi\u00f3n, misi\u00f3n y valores Entidades socias Autoridades Estatuto Reglamento Contacto \u00d7 Quienes somos Visi\u00f3n, misi\u00f3n y valores Entidades socias Autoridades Estatuto Reglamento Contacto Visi\u00f3n, misi\u00f3n y valores Misi\u00f3n: Proveer subsidios que morigeren el impacto de los gastos de bolsillo vinculados con servicios de salud de alta complejidad y de calidad utilizados [&hellip;]<\/p>\n","protected":false},"author":1,"featured_media":0,"parent":0,"menu_order":0,"comment_status":"closed","ping_status":"closed","template":"elementor_canvas","meta":{"footnotes":""},"class_list":["post-874","page","type-page","status-publish","hentry"],"_links":{"self":[{"href":"https:\/\/www.federaciondesalud.com.ar\/wp\/wp-json\/wp\/v2\/pages\/874"}],"collection":[{"href":"https:\/\/www.federaciondesalud.com.ar\/wp\/wp-json\/wp\/v2\/pages"}],"about":[{"href":"https:\/\/www.federaciondesalud.com.ar\/wp\/wp-json\/wp\/v2\/types\/page"}],"author":[{"embeddable":true,"href":"https:\/\/www.federaciondesalud.com.ar\/wp\/wp-json\/wp\/v2\/users\/1"}],"replies":[{"embeddable":true,"href":"https:\/\/www.federaciondesalud.com.ar\/wp\/wp-json\/wp\/v2\/comments?post=874"}],"version-history":[{"count":10,"href":"https:\/\/www.federaciondesalud.com.ar\/wp\/wp-json\/wp\/v2\/pages\/874\/revisions"}],"predecessor-version":[{"id":963,"href":"https:\/\/www.federaciondesalud.com.ar\/wp\/wp-json\/wp\/v2\/pages\/874\/revisions\/963"}],"wp:attachment":[{"href":"https:\/\/www.federaciondesalud.com.ar\/wp\/wp-json\/wp\/v2\/media?parent=874"}],"curies":[{"name":"wp","href":"https:\/\/api.w.org\/{rel}","templated":true}]}}